{"id":68413,"date":"2025-12-08T11:16:47","date_gmt":"2025-12-08T16:16:47","guid":{"rendered":"https:\/\/masteringanger.com\/staging\/?post_type=product&#038;p=68413"},"modified":"2026-03-26T14:39:56","modified_gmt":"2026-03-26T18:39:56","slug":"clase-de-manejo-de-la-ira-de-52-horas","status":"publish","type":"product","link":"https:\/\/masteringanger.com\/staging\/courses\/clase-de-manejo-de-la-ira-de-52-horas\/","title":{"rendered":"Clase de manejo de ira de 52 horas"},"content":{"rendered":"<p>La clase de enojo de 52 horas fue dise\u00f1ada para ser un programa en l\u00ednea econ\u00f3mico, integral y f\u00e1cil de usar. Este curso es adecuado tanto para obligaciones judiciales, legales o empresariales, como para el crecimiento personal.<\/p>\n","protected":false},"excerpt":{"rendered":"<p>La clase de enojo de 52 horas fue dise\u00f1ada para ser un programa en l\u00ednea econ\u00f3mico, integral y f\u00e1cil de usar. Este curso es adecuado&hellip;<\/p>\n","protected":false},"featured_media":68351,"template":"","meta":[],"product_brand":[],"product_cat":[48],"product_tag":[],"class_list":{"0":"post-68413","1":"product","2":"type-product","3":"status-publish","4":"has-post-thumbnail","6":"product_cat-uncategorized","8":"first","9":"instock","10":"virtual","11":"sold-individually","12":"purchasable","13":"product-type-simple"},"acf":[],"_links":{"self":[{"href":"https:\/\/masteringanger.com\/staging\/wp-json\/wp\/v2\/product\/68413","targetHints":{"allow":["GET"]}}],"collection":[{"href":"https:\/\/masteringanger.com\/staging\/wp-json\/wp\/v2\/product"}],"about":[{"href":"https:\/\/masteringanger.com\/staging\/wp-json\/wp\/v2\/types\/product"}],"wp:featuredmedia":[{"embeddable":true,"href":"https:\/\/masteringanger.com\/staging\/wp-json\/wp\/v2\/media\/68351"}],"wp:attachment":[{"href":"https:\/\/masteringanger.com\/staging\/wp-json\/wp\/v2\/media?parent=68413"}],"wp:term":[{"taxonomy":"product_brand","embeddable":true,"href":"https:\/\/masteringanger.com\/staging\/wp-json\/wp\/v2\/product_brand?post=68413"},{"taxonomy":"product_cat","embeddable":true,"href":"https:\/\/masteringanger.com\/staging\/wp-json\/wp\/v2\/product_cat?post=68413"},{"taxonomy":"product_tag","embeddable":true,"href":"https:\/\/masteringanger.com\/staging\/wp-json\/wp\/v2\/product_tag?post=68413"}],"curies":[{"name":"wp","href":"https:\/\/api.w.org\/{rel}","templated":true}]}}