{"id":68409,"date":"2025-12-08T11:16:46","date_gmt":"2025-12-08T16:16:46","guid":{"rendered":"https:\/\/masteringanger.com\/staging\/?post_type=product&#038;p=68409"},"modified":"2026-03-26T14:35:39","modified_gmt":"2026-03-26T18:35:39","slug":"12-horas-de-clase-en-linea-manejo-de-la-ira","status":"publish","type":"product","link":"https:\/\/masteringanger.com\/staging\/courses\/12-horas-de-clase-en-linea-manejo-de-la-ira\/","title":{"rendered":"Clase de manejo de ira de 12 horas"},"content":{"rendered":"<p>Esta clase de enojo de 12 horas ofrece una experiencia de aprendizaje en l\u00ednea conveniente y accesible. Este es un programa a tu propio ritmo que est\u00e1 dise\u00f1ado para ser integral y rentable, lo que lo hace adecuado para obligaciones judiciales o empresariales al mismo tiempo que fomenta el crecimiento personal.<\/p>\n<p>Ya sea que est\u00e9s cumpliendo con un requisito judicial o simplemente interesado en explorar el manejo del enojo, el curso ofrece una oportunidad excepcional para ampliar tus conocimientos.<\/p>\n<p>Aprender\u00e1s a detectar desencadenantes y manejar el enojo de manera constructiva. Se centra en ense\u00f1arte t\u00e9cnicas pr\u00e1cticas adaptadas a tus necesidades espec\u00edficas para ayudarte a controlar tus emociones de enojo.<\/p>\n<ul>\n<li>Manejo del Enojo: Un Primer Vistazo<\/li>\n<li>Habilidades de Comunicaci\u00f3n<\/li>\n<li>Enojo y el Cuerpo<\/li>\n<li>Competencia Emocional<\/li>\n<li>Enojo y la Familia<\/li>\n<\/ul>\n<p>El contenido se presenta en forma de im\u00e1genes y videos interactivos. Puedes tomar notas si lo deseas, luego completar las pruebas de verdadero o falso para obtener tu certificado de finalizaci\u00f3n.<\/p>\n","protected":false},"excerpt":{"rendered":"<p>Esta clase se ha utilizado en todos los estados desde 2007 para \u00f3rdenes judiciales, mejoras personales o motivos de empleo m\u00e1s de 9000 veces. Al completar el curso, su certificado de finalizaci\u00f3n es aceptado por los tribunales de todo el pa\u00eds y estar\u00e1 disponible al instante en su curso como un archivo PDF al finalizar.<\/p>\n<p>Eso significa que no hay que esperar a enviar o enviar por correo electr\u00f3nico los certificados de finalizaci\u00f3n. Sin embargo, a petici\u00f3n suya, se le enviar\u00e1 una copia impresa certificada GRATIS por correo prioritario de USPS. Los certificados enviados generalmente llegan en 2 a 3 d\u00edas h\u00e1biles. Haga clic en Inscribirse ahora para comenzar.<\/p>\n<div class=\"grammarly-disable-indicator\">\n<p>&nbsp;<\/p>\n<\/div>\n","protected":false},"featured_media":68346,"template":"","meta":[],"product_brand":[],"product_cat":[48],"product_tag":[],"class_list":{"0":"post-68409","1":"product","2":"type-product","3":"status-publish","4":"has-post-thumbnail","6":"product_cat-uncategorized","8":"first","9":"instock","10":"virtual","11":"sold-individually","12":"purchasable","13":"product-type-simple"},"yoast_head":"<!-- This site is optimized with the Yoast SEO plugin v27.3 - https:\/\/yoast.com\/product\/yoast-seo-wordpress\/ -->\n<title>Clase de manejo de ira de 12 horas | Mastering Anger<\/title>\n<meta name=\"robots\" content=\"noindex, nofollow\" \/>\n<meta property=\"og:locale\" content=\"en_US\" \/>\n<meta property=\"og:type\" content=\"article\" \/>\n<meta property=\"og:title\" content=\"Clase de manejo de ira de 12 horas | Mastering Anger\" \/>\n<meta property=\"og:description\" content=\"Esta clase se ha utilizado en todos los estados desde 2007 para \u00f3rdenes judiciales, mejoras personales o motivos de empleo m\u00e1s de 9000 veces. Al completar el curso, su certificado de finalizaci\u00f3n es aceptado por los tribunales de todo el pa\u00eds y estar\u00e1 disponible al instante en su curso como un archivo PDF al finalizar.  Eso significa que no hay que esperar a enviar o enviar por correo electr\u00f3nico los certificados de finalizaci\u00f3n. Sin embargo, a petici\u00f3n suya, se le enviar\u00e1 una copia impresa certificada GRATIS por correo prioritario de USPS. Los certificados enviados generalmente llegan en 2 a 3 d\u00edas h\u00e1biles. Haga clic en Inscribirse ahora para comenzar.   &nbsp;\" \/>\n<meta property=\"og:url\" content=\"https:\/\/masteringanger.com\/staging\/courses\/12-horas-de-clase-en-linea-manejo-de-la-ira\/\" \/>\n<meta property=\"og:site_name\" content=\"Mastering Anger\" \/>\n<meta property=\"article:modified_time\" content=\"2026-03-26T18:35:39+00:00\" \/>\n<meta property=\"og:image\" content=\"https:\/\/masteringanger.com\/staging\/wp-content\/uploads\/2025\/12\/12-horas-de-clase-en-linea-manejo-de-la-Ira.png\" \/>\n\t<meta property=\"og:image:width\" content=\"624\" \/>\n\t<meta property=\"og:image:height\" content=\"366\" \/>\n\t<meta property=\"og:image:type\" content=\"image\/png\" \/>\n<meta name=\"twitter:card\" content=\"summary_large_image\" \/>\n<meta name=\"twitter:label1\" content=\"Est. reading time\" \/>\n\t<meta name=\"twitter:data1\" content=\"1 minute\" \/>\n<script type=\"application\/ld+json\" class=\"yoast-schema-graph\">{\"@context\":\"https:\\\/\\\/schema.org\",\"@graph\":[{\"@type\":\"WebPage\",\"@id\":\"https:\\\/\\\/masteringanger.com\\\/staging\\\/courses\\\/12-horas-de-clase-en-linea-manejo-de-la-ira\\\/\",\"url\":\"https:\\\/\\\/masteringanger.com\\\/staging\\\/courses\\\/12-horas-de-clase-en-linea-manejo-de-la-ira\\\/\",\"name\":\"Clase de manejo de ira de 12 horas | Mastering Anger\",\"isPartOf\":{\"@id\":\"https:\\\/\\\/masteringanger.com\\\/staging\\\/#website\"},\"primaryImageOfPage\":{\"@id\":\"https:\\\/\\\/masteringanger.com\\\/staging\\\/courses\\\/12-horas-de-clase-en-linea-manejo-de-la-ira\\\/#primaryimage\"},\"image\":{\"@id\":\"https:\\\/\\\/masteringanger.com\\\/staging\\\/courses\\\/12-horas-de-clase-en-linea-manejo-de-la-ira\\\/#primaryimage\"},\"thumbnailUrl\":\"https:\\\/\\\/masteringanger.com\\\/staging\\\/wp-content\\\/uploads\\\/2025\\\/12\\\/12-horas-de-clase-en-linea-manejo-de-la-Ira.png\",\"datePublished\":\"2025-12-08T16:16:46+00:00\",\"dateModified\":\"2026-03-26T18:35:39+00:00\",\"breadcrumb\":{\"@id\":\"https:\\\/\\\/masteringanger.com\\\/staging\\\/courses\\\/12-horas-de-clase-en-linea-manejo-de-la-ira\\\/#breadcrumb\"},\"inLanguage\":\"en-US\",\"potentialAction\":[{\"@type\":\"ReadAction\",\"target\":[\"https:\\\/\\\/masteringanger.com\\\/staging\\\/courses\\\/12-horas-de-clase-en-linea-manejo-de-la-ira\\\/\"]}]},{\"@type\":\"ImageObject\",\"inLanguage\":\"en-US\",\"@id\":\"https:\\\/\\\/masteringanger.com\\\/staging\\\/courses\\\/12-horas-de-clase-en-linea-manejo-de-la-ira\\\/#primaryimage\",\"url\":\"https:\\\/\\\/masteringanger.com\\\/staging\\\/wp-content\\\/uploads\\\/2025\\\/12\\\/12-horas-de-clase-en-linea-manejo-de-la-Ira.png\",\"contentUrl\":\"https:\\\/\\\/masteringanger.com\\\/staging\\\/wp-content\\\/uploads\\\/2025\\\/12\\\/12-horas-de-clase-en-linea-manejo-de-la-Ira.png\",\"width\":624,\"height\":366},{\"@type\":\"BreadcrumbList\",\"@id\":\"https:\\\/\\\/masteringanger.com\\\/staging\\\/courses\\\/12-horas-de-clase-en-linea-manejo-de-la-ira\\\/#breadcrumb\",\"itemListElement\":[{\"@type\":\"ListItem\",\"position\":1,\"name\":\"Home\",\"item\":\"https:\\\/\\\/masteringanger.com\\\/staging\\\/\"},{\"@type\":\"ListItem\",\"position\":2,\"name\":\"Shop\",\"item\":\"https:\\\/\\\/masteringanger.com\\\/staging\\\/shop\\\/\"},{\"@type\":\"ListItem\",\"position\":3,\"name\":\"Clase de manejo de ira de 12 horas\"}]},{\"@type\":\"WebSite\",\"@id\":\"https:\\\/\\\/masteringanger.com\\\/staging\\\/#website\",\"url\":\"https:\\\/\\\/masteringanger.com\\\/staging\\\/\",\"name\":\"Mastering Anger\",\"description\":\"Anger Management Redefined\",\"publisher\":{\"@id\":\"https:\\\/\\\/masteringanger.com\\\/staging\\\/#organization\"},\"potentialAction\":[{\"@type\":\"SearchAction\",\"target\":{\"@type\":\"EntryPoint\",\"urlTemplate\":\"https:\\\/\\\/masteringanger.com\\\/staging\\\/?s={search_term_string}\"},\"query-input\":{\"@type\":\"PropertyValueSpecification\",\"valueRequired\":true,\"valueName\":\"search_term_string\"}}],\"inLanguage\":\"en-US\"},{\"@type\":\"Organization\",\"@id\":\"https:\\\/\\\/masteringanger.com\\\/staging\\\/#organization\",\"name\":\"Mastering Anger\u00ae\",\"url\":\"https:\\\/\\\/masteringanger.com\\\/staging\\\/\",\"logo\":{\"@type\":\"ImageObject\",\"inLanguage\":\"en-US\",\"@id\":\"https:\\\/\\\/masteringanger.com\\\/staging\\\/#\\\/schema\\\/logo\\\/image\\\/\",\"url\":\"https:\\\/\\\/masteringanger.com\\\/staging\\\/wp-content\\\/uploads\\\/2022\\\/12\\\/mastering-anger-logo.png\",\"contentUrl\":\"https:\\\/\\\/masteringanger.com\\\/staging\\\/wp-content\\\/uploads\\\/2022\\\/12\\\/mastering-anger-logo.png\",\"width\":150,\"height\":150,\"caption\":\"Mastering Anger\u00ae\"},\"image\":{\"@id\":\"https:\\\/\\\/masteringanger.com\\\/staging\\\/#\\\/schema\\\/logo\\\/image\\\/\"}}]}<\/script>\n<!-- \/ Yoast SEO plugin. -->","yoast_head_json":{"title":"Clase de manejo de ira de 12 horas | Mastering Anger","robots":{"index":"noindex","follow":"nofollow"},"og_locale":"en_US","og_type":"article","og_title":"Clase de manejo de ira de 12 horas | Mastering Anger","og_description":"Esta clase se ha utilizado en todos los estados desde 2007 para \u00f3rdenes judiciales, mejoras personales o motivos de empleo m\u00e1s de 9000 veces. Al completar el curso, su certificado de finalizaci\u00f3n es aceptado por los tribunales de todo el pa\u00eds y estar\u00e1 disponible al instante en su curso como un archivo PDF al finalizar.  Eso significa que no hay que esperar a enviar o enviar por correo electr\u00f3nico los certificados de finalizaci\u00f3n. Sin embargo, a petici\u00f3n suya, se le enviar\u00e1 una copia impresa certificada GRATIS por correo prioritario de USPS. Los certificados enviados generalmente llegan en 2 a 3 d\u00edas h\u00e1biles. Haga clic en Inscribirse ahora para comenzar.   &nbsp;","og_url":"https:\/\/masteringanger.com\/staging\/courses\/12-horas-de-clase-en-linea-manejo-de-la-ira\/","og_site_name":"Mastering Anger","article_modified_time":"2026-03-26T18:35:39+00:00","og_image":[{"width":624,"height":366,"url":"https:\/\/masteringanger.com\/staging\/wp-content\/uploads\/2025\/12\/12-horas-de-clase-en-linea-manejo-de-la-Ira.png","type":"image\/png"}],"twitter_card":"summary_large_image","twitter_misc":{"Est. reading time":"1 minute"},"schema":{"@context":"https:\/\/schema.org","@graph":[{"@type":"WebPage","@id":"https:\/\/masteringanger.com\/staging\/courses\/12-horas-de-clase-en-linea-manejo-de-la-ira\/","url":"https:\/\/masteringanger.com\/staging\/courses\/12-horas-de-clase-en-linea-manejo-de-la-ira\/","name":"Clase de manejo de ira de 12 horas | Mastering Anger","isPartOf":{"@id":"https:\/\/masteringanger.com\/staging\/#website"},"primaryImageOfPage":{"@id":"https:\/\/masteringanger.com\/staging\/courses\/12-horas-de-clase-en-linea-manejo-de-la-ira\/#primaryimage"},"image":{"@id":"https:\/\/masteringanger.com\/staging\/courses\/12-horas-de-clase-en-linea-manejo-de-la-ira\/#primaryimage"},"thumbnailUrl":"https:\/\/masteringanger.com\/staging\/wp-content\/uploads\/2025\/12\/12-horas-de-clase-en-linea-manejo-de-la-Ira.png","datePublished":"2025-12-08T16:16:46+00:00","dateModified":"2026-03-26T18:35:39+00:00","breadcrumb":{"@id":"https:\/\/masteringanger.com\/staging\/courses\/12-horas-de-clase-en-linea-manejo-de-la-ira\/#breadcrumb"},"inLanguage":"en-US","potentialAction":[{"@type":"ReadAction","target":["https:\/\/masteringanger.com\/staging\/courses\/12-horas-de-clase-en-linea-manejo-de-la-ira\/"]}]},{"@type":"ImageObject","inLanguage":"en-US","@id":"https:\/\/masteringanger.com\/staging\/courses\/12-horas-de-clase-en-linea-manejo-de-la-ira\/#primaryimage","url":"https:\/\/masteringanger.com\/staging\/wp-content\/uploads\/2025\/12\/12-horas-de-clase-en-linea-manejo-de-la-Ira.png","contentUrl":"https:\/\/masteringanger.com\/staging\/wp-content\/uploads\/2025\/12\/12-horas-de-clase-en-linea-manejo-de-la-Ira.png","width":624,"height":366},{"@type":"BreadcrumbList","@id":"https:\/\/masteringanger.com\/staging\/courses\/12-horas-de-clase-en-linea-manejo-de-la-ira\/#breadcrumb","itemListElement":[{"@type":"ListItem","position":1,"name":"Home","item":"https:\/\/masteringanger.com\/staging\/"},{"@type":"ListItem","position":2,"name":"Shop","item":"https:\/\/masteringanger.com\/staging\/shop\/"},{"@type":"ListItem","position":3,"name":"Clase de manejo de ira de 12 horas"}]},{"@type":"WebSite","@id":"https:\/\/masteringanger.com\/staging\/#website","url":"https:\/\/masteringanger.com\/staging\/","name":"Mastering Anger","description":"Anger Management Redefined","publisher":{"@id":"https:\/\/masteringanger.com\/staging\/#organization"},"potentialAction":[{"@type":"SearchAction","target":{"@type":"EntryPoint","urlTemplate":"https:\/\/masteringanger.com\/staging\/?s={search_term_string}"},"query-input":{"@type":"PropertyValueSpecification","valueRequired":true,"valueName":"search_term_string"}}],"inLanguage":"en-US"},{"@type":"Organization","@id":"https:\/\/masteringanger.com\/staging\/#organization","name":"Mastering Anger\u00ae","url":"https:\/\/masteringanger.com\/staging\/","logo":{"@type":"ImageObject","inLanguage":"en-US","@id":"https:\/\/masteringanger.com\/staging\/#\/schema\/logo\/image\/","url":"https:\/\/masteringanger.com\/staging\/wp-content\/uploads\/2022\/12\/mastering-anger-logo.png","contentUrl":"https:\/\/masteringanger.com\/staging\/wp-content\/uploads\/2022\/12\/mastering-anger-logo.png","width":150,"height":150,"caption":"Mastering Anger\u00ae"},"image":{"@id":"https:\/\/masteringanger.com\/staging\/#\/schema\/logo\/image\/"}}]}},"acf":[],"_links":{"self":[{"href":"https:\/\/masteringanger.com\/staging\/wp-json\/wp\/v2\/product\/68409","targetHints":{"allow":["GET"]}}],"collection":[{"href":"https:\/\/masteringanger.com\/staging\/wp-json\/wp\/v2\/product"}],"about":[{"href":"https:\/\/masteringanger.com\/staging\/wp-json\/wp\/v2\/types\/product"}],"wp:featuredmedia":[{"embeddable":true,"href":"https:\/\/masteringanger.com\/staging\/wp-json\/wp\/v2\/media\/68346"}],"wp:attachment":[{"href":"https:\/\/masteringanger.com\/staging\/wp-json\/wp\/v2\/media?parent=68409"}],"wp:term":[{"taxonomy":"product_brand","embeddable":true,"href":"https:\/\/masteringanger.com\/staging\/wp-json\/wp\/v2\/product_brand?post=68409"},{"taxonomy":"product_cat","embeddable":true,"href":"https:\/\/masteringanger.com\/staging\/wp-json\/wp\/v2\/product_cat?post=68409"},{"taxonomy":"product_tag","embeddable":true,"href":"https:\/\/masteringanger.com\/staging\/wp-json\/wp\/v2\/product_tag?post=68409"}],"curies":[{"name":"wp","href":"https:\/\/api.w.org\/{rel}","templated":true}]}}