{"id":68408,"date":"2025-12-08T11:16:46","date_gmt":"2025-12-08T16:16:46","guid":{"rendered":"https:\/\/masteringanger.com\/staging\/?post_type=product&#038;p=68408"},"modified":"2026-03-26T14:34:42","modified_gmt":"2026-03-26T18:34:42","slug":"8-horas-de-clase-en-linea-manejo-de-la-ira","status":"publish","type":"product","link":"https:\/\/masteringanger.com\/staging\/courses\/8-horas-de-clase-en-linea-manejo-de-la-ira\/","title":{"rendered":"Clase de manejo de ira de 8 horas"},"content":{"rendered":"<p>La clase de enojo de 8 horas ha sido dise\u00f1ada para ser un plan de estudios econ\u00f3mico, completo y f\u00e1cil de usar. Este programa es apropiado para requisitos judiciales, legales o corporativos, as\u00ed como para el desarrollo personal.<\/p>\n<p>Sirve como un excelente programa de nivel introductorio para cualquier persona interesada en aprender m\u00e1s sobre c\u00f3mo manejar su enojo. Dado que la mayor\u00eda de los tribunales exigen al menos ocho horas de certificaci\u00f3n, este curso se convierte en una elecci\u00f3n perfecta para ti.<\/p>\n<p>Aprender\u00e1s a identificar y manejar constructivamente los desencadenantes del enojo. El programa se enfoca en aprender estrategias pr\u00e1cticas adaptadas a tus necesidades particulares para ayudarte a controlar tus emociones de enojo.<\/p>\n<ul>\n<li>Una Primera Mirada<\/li>\n<li>Competencia Emocional<\/li>\n<li>Habilidades de Comunicaci\u00f3n<\/li>\n<\/ul>\n<p>El material se presenta en forma de im\u00e1genes simples con una narraci\u00f3n tranquilizadora. Disfruta de la conferencia, toma notas si lo deseas y luego completa las pruebas de verdadero o falso para obtener tu certificado de finalizaci\u00f3n.<\/p>\n","protected":false},"excerpt":{"rendered":"<p>La clase de enojo de 8 horas ha sido dise\u00f1ada para ser un plan de estudios econ\u00f3mico, completo y f\u00e1cil de usar. Este programa es&hellip;<\/p>\n","protected":false},"featured_media":69056,"template":"","meta":[],"product_brand":[],"product_cat":[48],"product_tag":[],"class_list":{"0":"post-68408","1":"product","2":"type-product","3":"status-publish","4":"has-post-thumbnail","6":"product_cat-uncategorized","8":"first","9":"instock","10":"virtual","11":"sold-individually","12":"purchasable","13":"product-type-simple"},"acf":[],"_links":{"self":[{"href":"https:\/\/masteringanger.com\/staging\/wp-json\/wp\/v2\/product\/68408","targetHints":{"allow":["GET"]}}],"collection":[{"href":"https:\/\/masteringanger.com\/staging\/wp-json\/wp\/v2\/product"}],"about":[{"href":"https:\/\/masteringanger.com\/staging\/wp-json\/wp\/v2\/types\/product"}],"wp:featuredmedia":[{"embeddable":true,"href":"https:\/\/masteringanger.com\/staging\/wp-json\/wp\/v2\/media\/69056"}],"wp:attachment":[{"href":"https:\/\/masteringanger.com\/staging\/wp-json\/wp\/v2\/media?parent=68408"}],"wp:term":[{"taxonomy":"product_brand","embeddable":true,"href":"https:\/\/masteringanger.com\/staging\/wp-json\/wp\/v2\/product_brand?post=68408"},{"taxonomy":"product_cat","embeddable":true,"href":"https:\/\/masteringanger.com\/staging\/wp-json\/wp\/v2\/product_cat?post=68408"},{"taxonomy":"product_tag","embeddable":true,"href":"https:\/\/masteringanger.com\/staging\/wp-json\/wp\/v2\/product_tag?post=68408"}],"curies":[{"name":"wp","href":"https:\/\/api.w.org\/{rel}","templated":true}]}}