{"id":704,"date":"2023-01-01T07:15:00","date_gmt":"2023-01-01T12:15:00","guid":{"rendered":"http:\/\/host1.thenewmasteringanger.com\/?page_id=704"},"modified":"2023-02-07T09:23:19","modified_gmt":"2023-02-07T14:23:19","slug":"anger-management-classes-in-spanish","status":"publish","type":"page","link":"https:\/\/masteringanger.com\/staging\/anger-management-classes-in-spanish\/","title":{"rendered":"Anger Management Classes in Spanish"},"content":{"rendered":"\t\t<div data-elementor-type=\"wp-post\" data-elementor-id=\"704\" class=\"elementor elementor-704\" data-elementor-post-type=\"page\">\n\t\t\t\t\t\t<section class=\"elementor-section elementor-top-section elementor-element elementor-element-de5ff77 elementor-section-boxed elementor-section-height-default elementor-section-height-default\" data-id=\"de5ff77\" data-element_type=\"section\" data-e-type=\"section\">\n\t\t\t\t\t\t<div class=\"elementor-container elementor-column-gap-default\">\n\t\t\t\t\t<div class=\"elementor-column elementor-col-100 elementor-top-column elementor-element elementor-element-1a6b9f4\" data-id=\"1a6b9f4\" data-element_type=\"column\" data-e-type=\"column\">\n\t\t\t<div class=\"elementor-widget-wrap elementor-element-populated\">\n\t\t\t\t\t\t<div class=\"elementor-element elementor-element-614d065 elementor-widget elementor-widget-heading\" data-id=\"614d065\" data-element_type=\"widget\" data-e-type=\"widget\" data-widget_type=\"heading.default\">\n\t\t\t\t<div class=\"elementor-widget-container\">\n\t\t\t\t\t<h2 class=\"elementor-heading-title elementor-size-default\">Clases de Manejo de la Ira en Espa\u00f1ol<\/h2>\t\t\t\t<\/div>\n\t\t\t\t<\/div>\n\t\t\t\t<div class=\"elementor-element elementor-element-ac05168 elementor-widget-divider--view-line elementor-widget elementor-widget-divider\" data-id=\"ac05168\" data-element_type=\"widget\" data-e-type=\"widget\" data-widget_type=\"divider.default\">\n\t\t\t\t<div class=\"elementor-widget-container\">\n\t\t\t\t\t\t\t<div class=\"elementor-divider\">\n\t\t\t<span class=\"elementor-divider-separator\">\n\t\t\t\t\t\t<\/span>\n\t\t<\/div>\n\t\t\t\t\t\t<\/div>\n\t\t\t\t<\/div>\n\t\t\t\t<section class=\"elementor-section elementor-inner-section elementor-element elementor-element-61590d2 elementor-section-boxed elementor-section-height-default elementor-section-height-default\" data-id=\"61590d2\" data-element_type=\"section\" data-e-type=\"section\">\n\t\t\t\t\t\t<div class=\"elementor-container elementor-column-gap-default\">\n\t\t\t\t\t<div class=\"elementor-column elementor-col-50 elementor-inner-column elementor-element elementor-element-334cd59\" data-id=\"334cd59\" data-element_type=\"column\" data-e-type=\"column\">\n\t\t\t<div class=\"elementor-widget-wrap elementor-element-populated\">\n\t\t\t\t\t\t<div class=\"elementor-element elementor-element-d115aef elementor-align-center elementor-widget elementor-widget-button\" data-id=\"d115aef\" data-element_type=\"widget\" data-e-type=\"widget\" data-widget_type=\"button.default\">\n\t\t\t\t<div class=\"elementor-widget-container\">\n\t\t\t\t\t\t\t\t\t<div class=\"elementor-button-wrapper\">\n\t\t\t\t\t<a class=\"elementor-button elementor-button-link elementor-size-sm elementor-animation-grow\" href=\"https:\/\/masteringanger.com\/staging\/courses\/8-horas-de-clase-en-linea-manejo-de-la-ira\/\">\n\t\t\t\t\t\t<span class=\"elementor-button-content-wrapper\">\n\t\t\t\t\t\t\t\t\t<span class=\"elementor-button-text\">8 horas de clase en l\u00ednea de Manejo de la Ira<\/span>\n\t\t\t\t\t<\/span>\n\t\t\t\t\t<\/a>\n\t\t\t\t<\/div>\n\t\t\t\t\t\t\t\t<\/div>\n\t\t\t\t<\/div>\n\t\t\t\t\t<\/div>\n\t\t<\/div>\n\t\t\t\t<div class=\"elementor-column elementor-col-50 elementor-inner-column elementor-element elementor-element-ec1d925\" data-id=\"ec1d925\" data-element_type=\"column\" data-e-type=\"column\">\n\t\t\t<div class=\"elementor-widget-wrap elementor-element-populated\">\n\t\t\t\t\t\t<div class=\"elementor-element elementor-element-4aafe46 elementor-align-center elementor-widget elementor-widget-button\" data-id=\"4aafe46\" data-element_type=\"widget\" data-e-type=\"widget\" data-widget_type=\"button.default\">\n\t\t\t\t<div class=\"elementor-widget-container\">\n\t\t\t\t\t\t\t\t\t<div class=\"elementor-button-wrapper\">\n\t\t\t\t\t<a class=\"elementor-button elementor-button-link elementor-size-sm elementor-animation-grow\" href=\"https:\/\/masteringanger.com\/staging\/courses\/12-horas-de-clase-en-linea-manejo-de-la-ira\/\">\n\t\t\t\t\t\t<span class=\"elementor-button-content-wrapper\">\n\t\t\t\t\t\t\t\t\t<span class=\"elementor-button-text\">12 horas de clase en l\u00ednea Manejo de la Ira<\/span>\n\t\t\t\t\t<\/span>\n\t\t\t\t\t<\/a>\n\t\t\t\t<\/div>\n\t\t\t\t\t\t\t\t<\/div>\n\t\t\t\t<\/div>\n\t\t\t\t\t<\/div>\n\t\t<\/div>\n\t\t\t\t\t<\/div>\n\t\t<\/section>\n\t\t\t\t<div class=\"elementor-element elementor-element-a14dc87 elementor-widget elementor-widget-heading\" data-id=\"a14dc87\" data-element_type=\"widget\" data-e-type=\"widget\" data-widget_type=\"heading.default\">\n\t\t\t\t<div class=\"elementor-widget-container\">\n\t\t\t\t\t<h2 class=\"elementor-heading-title elementor-size-default\">Para los estadounidenses que luchan por controlar su ira, superar los muchos obst\u00e1culos que pueden interponerse en el camino del tratamiento, ya sea una mala relaci\u00f3n, un problema de abuso de sustancias o un problema familiar, siempre es un desaf\u00edo. Pero, para aquellos para quienes el ingl\u00e9s es un segundo idioma o que no lo hablan en absoluto, encontrar un medio para acceder a asesoramiento y tratamiento de alta calidad y asequibles para el control de la ira puede ser particularmente dif\u00edcil.<\/h2>\t\t\t\t<\/div>\n\t\t\t\t<\/div>\n\t\t\t\t<div class=\"elementor-element elementor-element-8864760 elementor-widget elementor-widget-heading\" data-id=\"8864760\" data-element_type=\"widget\" data-e-type=\"widget\" data-widget_type=\"heading.default\">\n\t\t\t\t<div class=\"elementor-widget-container\">\n\t\t\t\t\t<h2 class=\"elementor-heading-title elementor-size-default\">Despu\u00e9s de todo, es posible que los especialistas y los programas del \u00e1rea no siempre puedan brindar el apoyo total que estas personas necesitan para comprender mejor y mejorar su condici\u00f3n. Como tales, las alternativas pueden llevar a un aumento de los costos para la inscripci\u00f3n en los cursos y para el transporte hacia y desde una ubicaci\u00f3n f\u00edsica, mientras que proporcionar resultados menos que deseables.<\/h2>\t\t\t\t<\/div>\n\t\t\t\t<\/div>\n\t\t\t\t<div class=\"elementor-element elementor-element-1633e82 elementor-widget elementor-widget-heading\" data-id=\"1633e82\" data-element_type=\"widget\" data-e-type=\"widget\" data-widget_type=\"heading.default\">\n\t\t\t\t<div class=\"elementor-widget-container\">\n\t\t\t\t\t<h2 class=\"elementor-heading-title elementor-size-default\">En Conflict Coaching &amp; Consulting, Inc., ah\u00ed es donde nuestras clases de manejo de la ira en l\u00ednea pueden ayudarlo.<\/h2>\t\t\t\t<\/div>\n\t\t\t\t<\/div>\n\t\t\t\t<div class=\"elementor-element elementor-element-86d86ba elementor-widget elementor-widget-heading\" data-id=\"86d86ba\" data-element_type=\"widget\" data-e-type=\"widget\" data-widget_type=\"heading.default\">\n\t\t\t\t<div class=\"elementor-widget-container\">\n\t\t\t\t\t<h2 class=\"elementor-heading-title elementor-size-default\">En nuestro sitio web, los estadounidenses de habla hispana y los inmigrantes recientes pueden encontrar 11 versiones de nuestras mejores clases, todas disponibles en espa\u00f1ol. Estas clases son tan extensas como nuestras ofertas de ingl\u00e9s y var\u00edan en duraci\u00f3n de cuatro a 36 horas. Del mismo modo, los hispanohablantes pueden traducir nuestras p\u00e1ginas para una f\u00e1cil lectura y encontrar la navegaci\u00f3n del sitio en su lengua materna para que puedan explorar completamente todo lo que nuestro sitio y servicio tienen para ofrecer.\n\nConflict Coaching &amp; Consulting, Inc., ah\u00ed es donde nuestras clases de manejo de la ira en l\u00ednea pueden ayudar.\nEn nuestro sitio web, los estadounidenses de habla hispana y los inmigrantes recientes pueden encontrar 11 versiones de nuestras mejores clases, todas disponibles en espa\u00f1ol. Estas clases son tan extensas como nuestras ofertas de ingl\u00e9s y var\u00edan en duraci\u00f3n de cuatro a 36 horas. Del mismo modo, los hispanohablantes pueden traducir nuestras p\u00e1ginas para una f\u00e1cil lectura y encontrar la navegaci\u00f3n del sitio en su lengua materna para que puedan explorar completamente todo lo que nuestro sitio y servicio tienen para ofrecer.\n<\/h2>\t\t\t\t<\/div>\n\t\t\t\t<\/div>\n\t\t\t\t<div class=\"elementor-element elementor-element-0259500 elementor-widget-divider--view-line elementor-widget elementor-widget-divider\" data-id=\"0259500\" data-element_type=\"widget\" data-e-type=\"widget\" data-widget_type=\"divider.default\">\n\t\t\t\t<div class=\"elementor-widget-container\">\n\t\t\t\t\t\t\t<div class=\"elementor-divider\">\n\t\t\t<span class=\"elementor-divider-separator\">\n\t\t\t\t\t\t<\/span>\n\t\t<\/div>\n\t\t\t\t\t\t<\/div>\n\t\t\t\t<\/div>\n\t\t\t\t<div class=\"elementor-element elementor-element-d8d8c66 elementor-widget elementor-widget-heading\" data-id=\"d8d8c66\" data-element_type=\"widget\" data-e-type=\"widget\" data-widget_type=\"heading.default\">\n\t\t\t\t<div class=\"elementor-widget-container\">\n\t\t\t\t\t<h2 class=\"elementor-heading-title elementor-size-default\">C\u00f3mo seleccionar las clases correctas de manejo de la ira en espa\u00f1ol<\/h2>\t\t\t\t<\/div>\n\t\t\t\t<\/div>\n\t\t\t\t<div class=\"elementor-element elementor-element-b869127 elementor-widget elementor-widget-heading\" data-id=\"b869127\" data-element_type=\"widget\" data-e-type=\"widget\" data-widget_type=\"heading.default\">\n\t\t\t\t<div class=\"elementor-widget-container\">\n\t\t\t\t\t<h2 class=\"elementor-heading-title elementor-size-default\">Ya sea que est\u00e9 buscando una soluci\u00f3n personal para el control de la ira o est\u00e9 buscando adoptar un programa para su hogar grupal de adolescentes de habla hispana, escuela intermedia o secundaria o internado para adolescentes, nuestras clases ofrecen una serie de beneficios en cada entorno.<\/h2>\t\t\t\t<\/div>\n\t\t\t\t<\/div>\n\t\t\t\t<div class=\"elementor-element elementor-element-6269638 elementor-widget elementor-widget-heading\" data-id=\"6269638\" data-element_type=\"widget\" data-e-type=\"widget\" data-widget_type=\"heading.default\">\n\t\t\t\t<div class=\"elementor-widget-container\">\n\t\t\t\t\t<h2 class=\"elementor-heading-title elementor-size-default\">Presentado en un formato de diapositiva f\u00e1cil de seguir con audio, cada uno de nuestros cursos de manejo de la ira est\u00e1 dise\u00f1ado para permitir la visualizaci\u00f3n personal y grupal. Al mirar las descripciones generales de nuestros m\u00f3dulos, puede seleccionar el curso que mejor satisfaga sus necesidades o las necesidades del grupo demogr\u00e1fico que desea ayudar.<\/h2>\t\t\t\t<\/div>\n\t\t\t\t<\/div>\n\t\t\t\t<div class=\"elementor-element elementor-element-e656ae4 elementor-widget-divider--view-line elementor-widget elementor-widget-divider\" data-id=\"e656ae4\" data-element_type=\"widget\" data-e-type=\"widget\" data-widget_type=\"divider.default\">\n\t\t\t\t<div class=\"elementor-widget-container\">\n\t\t\t\t\t\t\t<div class=\"elementor-divider\">\n\t\t\t<span class=\"elementor-divider-separator\">\n\t\t\t\t\t\t<\/span>\n\t\t<\/div>\n\t\t\t\t\t\t<\/div>\n\t\t\t\t<\/div>\n\t\t\t\t<section class=\"elementor-section elementor-inner-section elementor-element elementor-element-1433c98 elementor-section-boxed elementor-section-height-default elementor-section-height-default\" data-id=\"1433c98\" data-element_type=\"section\" data-e-type=\"section\">\n\t\t\t\t\t\t<div class=\"elementor-container elementor-column-gap-default\">\n\t\t\t\t\t<div class=\"elementor-column elementor-col-50 elementor-inner-column elementor-element elementor-element-edace4a\" data-id=\"edace4a\" data-element_type=\"column\" data-e-type=\"column\">\n\t\t\t<div class=\"elementor-widget-wrap elementor-element-populated\">\n\t\t\t\t\t\t<div class=\"elementor-element elementor-element-d6015be elementor-align-center elementor-widget elementor-widget-button\" data-id=\"d6015be\" data-element_type=\"widget\" data-e-type=\"widget\" data-widget_type=\"button.default\">\n\t\t\t\t<div class=\"elementor-widget-container\">\n\t\t\t\t\t\t\t\t\t<div class=\"elementor-button-wrapper\">\n\t\t\t\t\t<a class=\"elementor-button elementor-button-link elementor-size-sm elementor-animation-grow\" href=\"https:\/\/masteringanger.com\/staging\/courses\/8-horas-de-clase-en-linea-manejo-de-la-ira\/\">\n\t\t\t\t\t\t<span class=\"elementor-button-content-wrapper\">\n\t\t\t\t\t\t\t\t\t<span class=\"elementor-button-text\">8 horas de clase en l\u00ednea de Manejo de la Ira<\/span>\n\t\t\t\t\t<\/span>\n\t\t\t\t\t<\/a>\n\t\t\t\t<\/div>\n\t\t\t\t\t\t\t\t<\/div>\n\t\t\t\t<\/div>\n\t\t\t\t\t<\/div>\n\t\t<\/div>\n\t\t\t\t<div class=\"elementor-column elementor-col-50 elementor-inner-column elementor-element elementor-element-5ffdfc4\" data-id=\"5ffdfc4\" data-element_type=\"column\" data-e-type=\"column\">\n\t\t\t<div class=\"elementor-widget-wrap elementor-element-populated\">\n\t\t\t\t\t\t<div class=\"elementor-element elementor-element-c1f64b4 elementor-align-center elementor-widget elementor-widget-button\" data-id=\"c1f64b4\" data-element_type=\"widget\" data-e-type=\"widget\" data-widget_type=\"button.default\">\n\t\t\t\t<div class=\"elementor-widget-container\">\n\t\t\t\t\t\t\t\t\t<div class=\"elementor-button-wrapper\">\n\t\t\t\t\t<a class=\"elementor-button elementor-button-link elementor-size-sm elementor-animation-grow\" href=\"https:\/\/masteringanger.com\/staging\/courses\/12-horas-de-clase-en-linea-manejo-de-la-ira\/\">\n\t\t\t\t\t\t<span class=\"elementor-button-content-wrapper\">\n\t\t\t\t\t\t\t\t\t<span class=\"elementor-button-text\">12 horas de clase en l\u00ednea Manejo de la Ira<\/span>\n\t\t\t\t\t<\/span>\n\t\t\t\t\t<\/a>\n\t\t\t\t<\/div>\n\t\t\t\t\t\t\t\t<\/div>\n\t\t\t\t<\/div>\n\t\t\t\t\t<\/div>\n\t\t<\/div>\n\t\t\t\t\t<\/div>\n\t\t<\/section>\n\t\t\t\t<div class=\"elementor-element elementor-element-6e2c687 elementor-widget elementor-widget-heading\" data-id=\"6e2c687\" data-element_type=\"widget\" data-e-type=\"widget\" data-widget_type=\"heading.default\">\n\t\t\t\t<div class=\"elementor-widget-container\">\n\t\t\t\t\t<h2 class=\"elementor-heading-title elementor-size-default\">Pruebe nuestros cursos de espa\u00f1ol interactivos y totalmente moderados hoy.<\/h2>\t\t\t\t<\/div>\n\t\t\t\t<\/div>\n\t\t\t\t<div class=\"elementor-element elementor-element-8a5f813 elementor-widget elementor-widget-heading\" data-id=\"8a5f813\" data-element_type=\"widget\" data-e-type=\"widget\" data-widget_type=\"heading.default\">\n\t\t\t\t<div class=\"elementor-widget-container\">\n\t\t\t\t\t<h2 class=\"elementor-heading-title elementor-size-default\">En Conflict Coaching and Consulting ofrecemos dos cursos \u00fanicos dise\u00f1ados espec\u00edficamente para ayudar a los hispanohablantes. Estas opciones pueden ser la mejor soluci\u00f3n para quienes desean recibir tratamiento en su idioma nativo:<\/h2>\t\t\t\t<\/div>\n\t\t\t\t<\/div>\n\t\t\t\t<div class=\"elementor-element elementor-element-8fb87a3 elementor-widget-divider--view-line elementor-widget elementor-widget-divider\" data-id=\"8fb87a3\" data-element_type=\"widget\" data-e-type=\"widget\" data-widget_type=\"divider.default\">\n\t\t\t\t<div class=\"elementor-widget-container\">\n\t\t\t\t\t\t\t<div class=\"elementor-divider\">\n\t\t\t<span class=\"elementor-divider-separator\">\n\t\t\t\t\t\t<\/span>\n\t\t<\/div>\n\t\t\t\t\t\t<\/div>\n\t\t\t\t<\/div>\n\t\t\t\t<div class=\"elementor-element elementor-element-ca6e20a elementor-widget elementor-widget-heading\" data-id=\"ca6e20a\" data-element_type=\"widget\" data-e-type=\"widget\" data-widget_type=\"heading.default\">\n\t\t\t\t<div class=\"elementor-widget-container\">\n\t\t\t\t\t<h2 class=\"elementor-heading-title elementor-size-default\">Clase de 8 horas de manejo de la ira<\/h2>\t\t\t\t<\/div>\n\t\t\t\t<\/div>\n\t\t\t\t<div class=\"elementor-element elementor-element-94a49c2 elementor-widget elementor-widget-heading\" data-id=\"94a49c2\" data-element_type=\"widget\" data-e-type=\"widget\" data-widget_type=\"heading.default\">\n\t\t\t\t<div class=\"elementor-widget-container\">\n\t\t\t\t\t<h2 class=\"elementor-heading-title elementor-size-default\">Esta clase de ocho horas, que consta de cinco m\u00f3dulos de aprendizaje, viene con cuestionarios verdaderos o falsos dirigidos a lectores espa\u00f1oles, as\u00ed como certificados de finalizaci\u00f3n para aquellos que aprueben. Con solo $85, tambi\u00e9n es uno de nuestros cursos m\u00e1s asequibles.<\/h2>\t\t\t\t<\/div>\n\t\t\t\t<\/div>\n\t\t\t\t<div class=\"elementor-element elementor-element-2ab06b1 elementor-widget-divider--view-line elementor-widget elementor-widget-divider\" data-id=\"2ab06b1\" data-element_type=\"widget\" data-e-type=\"widget\" data-widget_type=\"divider.default\">\n\t\t\t\t<div class=\"elementor-widget-container\">\n\t\t\t\t\t\t\t<div class=\"elementor-divider\">\n\t\t\t<span class=\"elementor-divider-separator\">\n\t\t\t\t\t\t<\/span>\n\t\t<\/div>\n\t\t\t\t\t\t<\/div>\n\t\t\t\t<\/div>\n\t\t\t\t<div class=\"elementor-element elementor-element-c3ab6fd elementor-widget elementor-widget-heading\" data-id=\"c3ab6fd\" data-element_type=\"widget\" data-e-type=\"widget\" data-widget_type=\"heading.default\">\n\t\t\t\t<div class=\"elementor-widget-container\">\n\t\t\t\t\t<h2 class=\"elementor-heading-title elementor-size-default\">Clase de 12 horas en l\u00ednea de manejo de la ira<\/h2>\t\t\t\t<\/div>\n\t\t\t\t<\/div>\n\t\t\t\t<div class=\"elementor-element elementor-element-559feb2 elementor-widget elementor-widget-heading\" data-id=\"559feb2\" data-element_type=\"widget\" data-e-type=\"widget\" data-widget_type=\"heading.default\">\n\t\t\t\t<div class=\"elementor-widget-container\">\n\t\t\t\t\t<h2 class=\"elementor-heading-title elementor-size-default\">Incluyendo ocho m\u00f3dulos, esta clase de 12 horas cubre todo, desde manejo del estr\u00e9s hasta habilidades de comunicaci\u00f3n y estilos de conflicto. Por $129, esta clase proporciona excelentes certificados de instrucci\u00f3n y finalizaci\u00f3n del curso, y puede ser una buena opci\u00f3n para aquellos que buscan informar a grandes grupos de personas que buscan tratamiento.<\/h2>\t\t\t\t<\/div>\n\t\t\t\t<\/div>\n\t\t\t\t<div class=\"elementor-element elementor-element-e95c6b4 elementor-widget-divider--view-line elementor-widget elementor-widget-divider\" data-id=\"e95c6b4\" data-element_type=\"widget\" data-e-type=\"widget\" data-widget_type=\"divider.default\">\n\t\t\t\t<div class=\"elementor-widget-container\">\n\t\t\t\t\t\t\t<div class=\"elementor-divider\">\n\t\t\t<span class=\"elementor-divider-separator\">\n\t\t\t\t\t\t<\/span>\n\t\t<\/div>\n\t\t\t\t\t\t<\/div>\n\t\t\t\t<\/div>\n\t\t\t\t<div class=\"elementor-element elementor-element-a388bac elementor-widget elementor-widget-heading\" data-id=\"a388bac\" data-element_type=\"widget\" data-e-type=\"widget\" data-widget_type=\"heading.default\">\n\t\t\t\t<div class=\"elementor-widget-container\">\n\t\t\t\t\t<h2 class=\"elementor-heading-title elementor-size-default\">Conflict Coaching &amp; Consulting, yendo m\u00e1s all\u00e1 para nuestros usuarios<\/h2>\t\t\t\t<\/div>\n\t\t\t\t<\/div>\n\t\t\t\t<div class=\"elementor-element elementor-element-40c1c3c elementor-widget elementor-widget-heading\" data-id=\"40c1c3c\" data-element_type=\"widget\" data-e-type=\"widget\" data-widget_type=\"heading.default\">\n\t\t\t\t<div class=\"elementor-widget-container\">\n\t\t\t\t\t<h2 class=\"elementor-heading-title elementor-size-default\">Las clases en espa\u00f1ol son solo una de las formas en que nos aseguramos de que nuestros clientes puedan recibir un tratamiento que realmente haga un esfuerzo adicional. Entendemos que en el dif\u00edcil clima econ\u00f3mico actual, encontrar el tiempo y el dinero para invertir en clases voluntarias u ordenadas por la corte puede ser un desaf\u00edo<\/h2>\t\t\t\t<\/div>\n\t\t\t\t<\/div>\n\t\t\t\t<div class=\"elementor-element elementor-element-fbaab98 elementor-widget elementor-widget-heading\" data-id=\"fbaab98\" data-element_type=\"widget\" data-e-type=\"widget\" data-widget_type=\"heading.default\">\n\t\t\t\t<div class=\"elementor-widget-container\">\n\t\t\t\t\t<h2 class=\"elementor-heading-title elementor-size-default\">Si bien los beneficios del tratamiento son claros, con las muchas presiones de la vida para equilibrar, sabemos que a veces otras necesidades deben ser lo primero. Es por eso que nuestras clases en l\u00ednea est\u00e1n orientadas a proporcionar flexibilidad y conveniencia, ya que los usuarios pueden iniciarlas y detenerlas cuando lo deseen.<\/h2>\t\t\t\t<\/div>\n\t\t\t\t<\/div>\n\t\t\t\t<div class=\"elementor-element elementor-element-b2586d9 elementor-widget elementor-widget-heading\" data-id=\"b2586d9\" data-element_type=\"widget\" data-e-type=\"widget\" data-widget_type=\"heading.default\">\n\t\t\t\t<div class=\"elementor-widget-container\">\n\t\t\t\t\t<h2 class=\"elementor-heading-title elementor-size-default\">Si tiene m\u00e1s preguntas sobre cualquiera de nuestras clases de espa\u00f1ol, no dude en llamar a nuestra oficina al 704-804-0841 o env\u00edenos un correo electr\u00f3nico a todds@masteringanger.com<\/h2>\t\t\t\t<\/div>\n\t\t\t\t<\/div>\n\t\t\t\t<section class=\"elementor-section elementor-inner-section elementor-element elementor-element-39316c5 elementor-section-boxed elementor-section-height-default elementor-section-height-default\" data-id=\"39316c5\" data-element_type=\"section\" data-e-type=\"section\">\n\t\t\t\t\t\t<div class=\"elementor-container elementor-column-gap-default\">\n\t\t\t\t\t<div class=\"elementor-column elementor-col-50 elementor-inner-column elementor-element elementor-element-854af05\" data-id=\"854af05\" data-element_type=\"column\" data-e-type=\"column\">\n\t\t\t<div class=\"elementor-widget-wrap elementor-element-populated\">\n\t\t\t\t\t\t<div class=\"elementor-element elementor-element-90ce5ee elementor-align-center elementor-widget elementor-widget-button\" data-id=\"90ce5ee\" data-element_type=\"widget\" data-e-type=\"widget\" data-widget_type=\"button.default\">\n\t\t\t\t<div class=\"elementor-widget-container\">\n\t\t\t\t\t\t\t\t\t<div class=\"elementor-button-wrapper\">\n\t\t\t\t\t<a class=\"elementor-button elementor-button-link elementor-size-sm elementor-animation-grow\" href=\"https:\/\/masteringanger.com\/staging\/courses\/8-horas-de-clase-en-linea-manejo-de-la-ira\/\">\n\t\t\t\t\t\t<span class=\"elementor-button-content-wrapper\">\n\t\t\t\t\t\t\t\t\t<span class=\"elementor-button-text\">8 horas de clases en l\u00ednea de Manejo de la Ira<\/span>\n\t\t\t\t\t<\/span>\n\t\t\t\t\t<\/a>\n\t\t\t\t<\/div>\n\t\t\t\t\t\t\t\t<\/div>\n\t\t\t\t<\/div>\n\t\t\t\t\t<\/div>\n\t\t<\/div>\n\t\t\t\t<div class=\"elementor-column elementor-col-50 elementor-inner-column elementor-element elementor-element-93639fa\" data-id=\"93639fa\" data-element_type=\"column\" data-e-type=\"column\">\n\t\t\t<div class=\"elementor-widget-wrap elementor-element-populated\">\n\t\t\t\t\t\t<div class=\"elementor-element elementor-element-cd89ba1 elementor-align-center elementor-widget elementor-widget-button\" data-id=\"cd89ba1\" data-element_type=\"widget\" data-e-type=\"widget\" data-widget_type=\"button.default\">\n\t\t\t\t<div class=\"elementor-widget-container\">\n\t\t\t\t\t\t\t\t\t<div class=\"elementor-button-wrapper\">\n\t\t\t\t\t<a class=\"elementor-button elementor-button-link elementor-size-sm elementor-animation-grow\" href=\"https:\/\/masteringanger.com\/staging\/courses\/12-horas-de-clase-en-linea-manejo-de-la-ira\/\">\n\t\t\t\t\t\t<span class=\"elementor-button-content-wrapper\">\n\t\t\t\t\t\t\t\t\t<span class=\"elementor-button-text\">12 horas de clase en l\u00ednea Manejo de la Ira<\/span>\n\t\t\t\t\t<\/span>\n\t\t\t\t\t<\/a>\n\t\t\t\t<\/div>\n\t\t\t\t\t\t\t\t<\/div>\n\t\t\t\t<\/div>\n\t\t\t\t\t<\/div>\n\t\t<\/div>\n\t\t\t\t\t<\/div>\n\t\t<\/section>\n\t\t\t\t<div class=\"elementor-element elementor-element-2015749 elementor-widget-divider--view-line elementor-widget elementor-widget-divider\" data-id=\"2015749\" data-element_type=\"widget\" data-e-type=\"widget\" data-widget_type=\"divider.default\">\n\t\t\t\t<div class=\"elementor-widget-container\">\n\t\t\t\t\t\t\t<div class=\"elementor-divider\">\n\t\t\t<span class=\"elementor-divider-separator\">\n\t\t\t\t\t\t<\/span>\n\t\t<\/div>\n\t\t\t\t\t\t<\/div>\n\t\t\t\t<\/div>\n\t\t\t\t\t<\/div>\n\t\t<\/div>\n\t\t\t\t\t<\/div>\n\t\t<\/section>\n\t\t\t\t<\/div>\n\t\t","protected":false},"excerpt":{"rendered":"<p>Clases de Manejo de la Ira en Espa\u00f1ol 8 horas de clase en l\u00ednea de Manejo de la Ira 12 horas de clase en l\u00ednea&hellip;<\/p>\n","protected":false},"author":1,"featured_media":0,"parent":0,"menu_order":0,"comment_status":"closed","ping_status":"closed","template":"","meta":{"footnotes":""},"class_list":["post-704","page","type-page","status-publish","hentry"],"acf":[],"_links":{"self":[{"href":"https:\/\/masteringanger.com\/staging\/wp-json\/wp\/v2\/pages\/704","targetHints":{"allow":["GET"]}}],"collection":[{"href":"https:\/\/masteringanger.com\/staging\/wp-json\/wp\/v2\/pages"}],"about":[{"href":"https:\/\/masteringanger.com\/staging\/wp-json\/wp\/v2\/types\/page"}],"author":[{"embeddable":true,"href":"https:\/\/masteringanger.com\/staging\/wp-json\/wp\/v2\/users\/1"}],"replies":[{"embeddable":true,"href":"https:\/\/masteringanger.com\/staging\/wp-json\/wp\/v2\/comments?post=704"}],"version-history":[{"count":17,"href":"https:\/\/masteringanger.com\/staging\/wp-json\/wp\/v2\/pages\/704\/revisions"}],"predecessor-version":[{"id":54325,"href":"https:\/\/masteringanger.com\/staging\/wp-json\/wp\/v2\/pages\/704\/revisions\/54325"}],"wp:attachment":[{"href":"https:\/\/masteringanger.com\/staging\/wp-json\/wp\/v2\/media?parent=704"}],"curies":[{"name":"wp","href":"https:\/\/api.w.org\/{rel}","templated":true}]}}